{"id":1377,"date":"2020-05-03T23:33:33","date_gmt":"2020-05-03T21:33:33","guid":{"rendered":"https:\/\/www.simonazzi-chalet.eu\/20?page_id=1377"},"modified":"2025-09-11T13:32:54","modified_gmt":"2025-09-11T11:32:54","slug":"storno","status":"publish","type":"page","link":"https:\/\/www.simonazzi-chalet.eu\/20\/storno\/","title":{"rendered":"Storno"},"content":{"rendered":"<p><div class=\"fusion-fullwidth fullwidth-box fusion-builder-row-1 nonhundred-percent-fullwidth non-hundred-percent-height-scrolling\" style=\"background-color: #efeee8;background-position: center center;background-repeat: no-repeat;padding-top:0px;padding-right:0px;padding-bottom:0px;padding-left:0px;margin-bottom: 0px;margin-top: 0px;border-width: 0px 0px 0px 0px;border-color:rgba(255,255,255,0);border-style:solid;\" ><div class=\"fusion-builder-row fusion-row\"><div class=\"fusion-layout-column fusion_builder_column fusion-builder-column-0 fusion_builder_column_1_6 1_6 fusion-one-sixth fusion-column-first\" style=\"width:13.3333%; margin-right: 4%;margin-top:50px;margin-bottom:0px;\"><div class=\"fusion-column-wrapper fusion-flex-column-wrapper-legacy\" style=\"background-position:left top;background-repeat:no-repeat;-webkit-background-size:cover;-moz-background-size:cover;-o-background-size:cover;background-size:cover;padding: 0px 0px 0px 0px;\"><div class=\"fusion-clearfix\"><\/div><\/div><\/div><div class=\"fusion-layout-column fusion_builder_column fusion-builder-column-1 fusion_builder_column_2_3 2_3 fusion-two-third\" style=\"width:65.3333%; margin-right: 4%;margin-top:50px;margin-bottom:0px;\"><div class=\"fusion-column-wrapper fusion-flex-column-wrapper-legacy\" style=\"background-position:left top;background-repeat:no-repeat;-webkit-background-size:cover;-moz-background-size:cover;-o-background-size:cover;background-size:cover;padding: 0px 0px 0px 0px;\"><div class=\"fusion-text fusion-text-1\"><h2 style=\"text-align: center;\"><span style=\"color: #3b2d30;\">Storno<\/span><\/h2>\n<\/div><div class=\"fusion-sep-clear\"><\/div><div class=\"fusion-separator fusion-full-width-sep\" style=\"margin-left: auto;margin-right: auto;margin-top:30px;margin-bottom:30px;width:100%;\"><div class=\"fusion-separator-border sep-double\" style=\"border-color:#2a2e38;border-top-width:0px;border-bottom-width:0px;\"><\/div><\/div><div class=\"fusion-sep-clear\"><\/div><div class=\"fusion-text fusion-text-2\"><p style=\"font-weight: 400;\"><strong>Stornobedingungen:<\/strong><\/p>\n<p style=\"font-weight: 400;\">Bei\u00a0<strong>Stornierungen<\/strong>\u00a0ab 40 Tagen vor Anreise werden 100% des vereinbarten Gesamtpreises verrechnet.<\/p>\n<ul style=\"font-weight: 400;\">\n<li>Nach Eingang einer schriftlichen Best\u00e4tigung sowie eines Angeldes, gilt die Reservierung als verbindlich.<\/li>\n<li>Gem\u00e4\u00df Art. 1.385 des italienischen Zivilgesetzbuches, wird im Falle einer Stornierung das Angeld nicht zur\u00fcckerstattet.<\/li>\n<li>Bei versp\u00e4teter Ankunft oder vorzeitiger Abreise berechnen wir den gesamten gebuchten Aufenthalt.<\/li>\n<\/ul>\n<p style=\"font-weight: 400;\">Es steht kein R\u00fccktrittsrecht im Sinne des Konsumentenschutzkodexes zu \u2013 dennoch r\u00e4umen wir Ihnen folgende Stornobedingungen ein.<\/p>\n<p style=\"font-weight: 400;\"><strong><u>Reise- Storno- Versicherung<\/u><\/strong><\/p>\n<p style=\"font-weight: 400;\">Vor Reiseantritt kann schon einmal etwas passieren, mit unserem Reise-Storno-Schutz sind Sie finanziell abgesichert. Sollten Sie den gebuchten Aufenthalt versp\u00e4tet bzw. gar nicht antreten oder fr\u00fchzeitig abbrechen, k\u00f6nnen Stornogeb\u00fchren verrechnet werden. Um Sie in solchen F\u00e4llen von jeglichen Spesen freizuhalten, empfehlen wir Ihnen diese Reise-Storno-Schutz Versicherung abzuschlie\u00dfen, damit diese f\u00fcr Sie von der Europ\u00e4ische Reiseversicherung \u00fcbernommen werden.<\/p>\n<p style=\"font-weight: 400;\"><strong>Europ\u00e4ische Reiseversicherung<\/strong>\u00a0\u2013 Vertrauen Sie uns Ihren Urlaub an.<\/p>\n<p><strong>Ganz einfach Pr\u00e4mie berechnen und buchen \u00fcber:<\/strong><\/p>\n<\/div><!-- CODE START-->\n<div id=\"hgPaymentWidget\"><\/div>\n<script type=\"text\/javascript\" src=\"https:\/\/secure.gastropool.it\/rxwidgets\/payment\/script\/de?2E2608C1C5EAEEF83A5098A33669CE4D016BF055B8DD88E65241254A3E926CD4\" defer async><\/script>\n<!-- CODE END--><div class=\"fusion-clearfix\"><\/div><\/div><\/div><div class=\"fusion-layout-column fusion_builder_column fusion-builder-column-2 fusion_builder_column_1_6 1_6 fusion-one-sixth fusion-column-last\" style=\"width:13.3333%;margin-top:50px;margin-bottom:0px;\"><div class=\"fusion-column-wrapper fusion-flex-column-wrapper-legacy\" style=\"background-position:left top;background-repeat:no-repeat;-webkit-background-size:cover;-moz-background-size:cover;-o-background-size:cover;background-size:cover;padding: 0px 0px 0px 0px;\"><div class=\"fusion-clearfix\"><\/div><\/div><\/div><div class=\"fusion-layout-column fusion_builder_column fusion-builder-column-3 fusion_builder_column_1_1 1_1 fusion-one-full fusion-column-first fusion-column-last\" style=\"margin-top:0px;margin-bottom:0px;\"><div class=\"fusion-column-wrapper fusion-flex-column-wrapper-legacy\" style=\"background-position:left top;background-repeat:no-repeat;-webkit-background-size:cover;-moz-background-size:cover;-o-background-size:cover;background-size:cover;padding: 0px 2% 0px 2%;\"><div class=\"fusion-sep-clear\"><\/div><div class=\"fusion-separator fusion-full-width-sep\" style=\"margin-left: auto;margin-right: auto;margin-top:30px;margin-bottom:30px;width:100%;\"><div class=\"fusion-separator-border sep-double\" style=\"border-color:#2a2e38;border-top-width:0px;border-bottom-width:0px;\"><\/div><\/div><div class=\"fusion-sep-clear\"><\/div><div class=\"fusion-clearfix\"><\/div><\/div><\/div><\/div><\/div>\n<div class=\"fusion-fullwidth fullwidth-box fusion-builder-row-2 nonhundred-percent-fullwidth non-hundred-percent-height-scrolling\" style=\"background-color: #20232c;background-position: center center;background-repeat: no-repeat;padding-top:0px;padding-right:0px;padding-bottom:0px;padding-left:0px;margin-bottom: 0px;margin-top: 0px;border-width: 0px 0px 0px 0px;border-color:rgba(255,255,255,0);border-style:solid;\" ><div class=\"fusion-builder-row fusion-row\"><div class=\"fusion-layout-column fusion_builder_column fusion-builder-column-4 fusion_builder_column_1_1 1_1 fusion-one-full fusion-column-first fusion-column-last\" style=\"margin-top:0px;margin-bottom:0px;\"><div class=\"fusion-column-wrapper fusion-flex-column-wrapper-legacy\" style=\"background-position:left top;background-repeat:no-repeat;-webkit-background-size:cover;-moz-background-size:cover;-o-background-size:cover;background-size:cover;padding: 0px 0px 0px 0px;\"><div class=\"fusion-clearfix\"><\/div><\/div><\/div><\/div><\/div><div class=\"fusion-fullwidth fullwidth-box fusion-builder-row-3 nonhundred-percent-fullwidth non-hundred-percent-height-scrolling\" style=\"background-color: #efeee8;background-position: left top;background-repeat: no-repeat;padding-top:5%;padding-right:0px;padding-bottom:5%;padding-left:0px;margin-bottom: 0px;margin-top: 0px;border-width: 0px 0px 0px 0px;border-color:rgba(255,255,255,0);border-style:solid;\" ><div class=\"fusion-builder-row fusion-row\"><div class=\"fusion-layout-column fusion_builder_column fusion-builder-column-5 fusion_builder_column_1_4 1_4 fusion-one-fourth fusion-column-first\" style=\"width:22%; margin-right: 4%;margin-top:10px;margin-bottom:10px;\"><div class=\"fusion-column-wrapper fusion-flex-column-wrapper-legacy\" style=\"background-position:left top;background-repeat:no-repeat;-webkit-background-size:cover;-moz-background-size:cover;-o-background-size:cover;background-size:cover;padding: 0px 0px 0px 0px;\"><div class=\"fusion-align-block\"><style>.fusion-button.button-1{border-radius:4px 4px 4px 4px;}<\/style><a class=\"fusion-button button-flat fusion-button-default-size button-default button-1 fusion-button-default-span fusion-button-default-type\" target=\"_self\" href=\"https:\/\/www.simonazzi-chalet.eu\/20\/preise\" style=\"width:calc(100%);\"><span class=\"fusion-button-text\">PREISE<\/span><\/a><\/div><div class=\"fusion-clearfix\"><\/div><\/div><\/div><div class=\"fusion-layout-column fusion_builder_column fusion-builder-column-6 fusion_builder_column_1_4 1_4 fusion-one-fourth\" style=\"width:22%; margin-right: 4%;margin-top:10px;margin-bottom:10px;\"><div class=\"fusion-column-wrapper fusion-flex-column-wrapper-legacy\" style=\"background-position:left top;background-repeat:no-repeat;-webkit-background-size:cover;-moz-background-size:cover;-o-background-size:cover;background-size:cover;padding: 0px 0px 0px 0px;\"><div class=\"fusion-align-block\"><style>.fusion-button.button-2{border-radius:4px 4px 4px 4px;}<\/style><a class=\"fusion-button button-flat fusion-button-default-size button-default button-2 fusion-button-default-span fusion-button-default-type\" target=\"_self\" href=\"https:\/\/www.simonazzi-chalet.eu\/20\/webcam\" style=\"width:calc(100%);\"><span class=\"fusion-button-text\">WEBCAM<\/span><\/a><\/div><div class=\"fusion-clearfix\"><\/div><\/div><\/div><div class=\"fusion-layout-column fusion_builder_column fusion-builder-column-7 fusion_builder_column_1_4 1_4 fusion-one-fourth\" style=\"width:22%; margin-right: 4%;margin-top:10px;margin-bottom:10px;\"><div class=\"fusion-column-wrapper fusion-flex-column-wrapper-legacy\" style=\"background-position:left top;background-repeat:no-repeat;-webkit-background-size:cover;-moz-background-size:cover;-o-background-size:cover;background-size:cover;padding: 0px 0px 0px 0px;\"><div class=\"fusion-align-block\"><style>.fusion-button.button-3{border-radius:4px 4px 4px 4px;}<\/style><a class=\"fusion-button button-flat fusion-button-default-size button-default button-3 fusion-button-default-span fusion-button-default-type\" target=\"_self\" href=\"https:\/\/www.simonazzi-chalet.eu\/simonazzi-wanderkarte\/index.html\" style=\"width:calc(100%);\"><span class=\"fusion-button-text\">WANDERN<\/span><\/a><\/div><div class=\"fusion-clearfix\"><\/div><\/div><\/div><div class=\"fusion-layout-column fusion_builder_column fusion-builder-column-8 fusion_builder_column_1_4 1_4 fusion-one-fourth fusion-column-last\" style=\"width:22%;margin-top:10px;margin-bottom:10px;\"><div class=\"fusion-column-wrapper fusion-flex-column-wrapper-legacy\" style=\"background-position:left top;background-repeat:no-repeat;-webkit-background-size:cover;-moz-background-size:cover;-o-background-size:cover;background-size:cover;padding: 0px 0px 0px 0px;\"><div class=\"fusion-align-block\"><style>.fusion-button.button-4{border-radius:4px 4px 4px 4px;}<\/style><a class=\"fusion-button button-flat fusion-button-default-size button-default button-4 fusion-button-default-span fusion-button-default-type\" target=\"_self\" href=\"https:\/\/www.simonazzi-chalet.eu\/20\/kontakt\" style=\"width:calc(100%);\"><span class=\"fusion-button-text\">KONTAKT<\/span><\/a><\/div><div class=\"fusion-clearfix\"><\/div><\/div><\/div><\/div><\/div><div class=\"fusion-fullwidth fullwidth-box fusion-builder-row-4 nonhundred-percent-fullwidth non-hundred-percent-height-scrolling\" style=\"background-color: #efeee8;background-position: center center;background-repeat: no-repeat;padding-top:0px;padding-right:0px;padding-bottom:0px;padding-left:0px;margin-bottom: 0px;margin-top: 0px;border-width: 0px 0px 0px 0px;border-color:rgba(255,255,255,0);border-style:solid;\" ><div class=\"fusion-builder-row fusion-row\"><div class=\"fusion-layout-column fusion_builder_column fusion-builder-column-9 fusion_builder_column_1_1 1_1 fusion-one-full fusion-column-first fusion-column-last\" style=\"margin-top:0px;margin-bottom:0px;\"><div class=\"fusion-column-wrapper fusion-flex-column-wrapper-legacy\" style=\"background-position:left top;background-repeat:no-repeat;-webkit-background-size:cover;-moz-background-size:cover;-o-background-size:cover;background-size:cover;padding: 0px 0px 0px 0px;\"><div class=\"imageframe-align-center\"><span class=\" fusion-imageframe imageframe-none imageframe-1 hover-type-none\"><a class=\"fusion-no-lightbox\" href=\"www.seiseralm.it\" target=\"_self\" aria-label=\"simonazzi-footer-2024\"><img width=\"663\" height=\"100\" src=\"https:\/\/www.simonazzi-chalet.eu\/20\/wp-content\/uploads\/2024\/07\/simonazzi-footer-2024.png\" alt class=\"img-responsive wp-image-3220\" srcset=\"https:\/\/www.simonazzi-chalet.eu\/20\/wp-content\/uploads\/2024\/07\/simonazzi-footer-2024-200x30.png 200w, https:\/\/www.simonazzi-chalet.eu\/20\/wp-content\/uploads\/2024\/07\/simonazzi-footer-2024-400x60.png 400w, https:\/\/www.simonazzi-chalet.eu\/20\/wp-content\/uploads\/2024\/07\/simonazzi-footer-2024-600x90.png 600w, https:\/\/www.simonazzi-chalet.eu\/20\/wp-content\/uploads\/2024\/07\/simonazzi-footer-2024.png 663w\" sizes=\"(max-width: 800px) 100vw, 663px\" \/><\/a><\/span><\/div><div class=\"fusion-sep-clear\"><\/div><div class=\"fusion-separator fusion-full-width-sep\" style=\"margin-left: auto;margin-right: auto;margin-top:20px;margin-bottom:20px;width:100%;\"><div class=\"fusion-separator-border sep-double\" style=\"border-color:#2a2e38;border-top-width:0px;border-bottom-width:0px;\"><\/div><\/div><div class=\"fusion-sep-clear\"><\/div><div class=\"fusion-clearfix\"><\/div><\/div><\/div><\/div><\/div><div class=\"fusion-fullwidth fullwidth-box fusion-builder-row-5 nonhundred-percent-fullwidth non-hundred-percent-height-scrolling\" style=\"background-color: #20232c;background-position: center center;background-repeat: no-repeat;padding-top:0px;padding-right:0px;padding-bottom:0px;padding-left:0px;margin-bottom: 0px;margin-top: 0px;border-width: 0px 0px 0px 0px;border-color:rgba(255,255,255,0);border-style:solid;\" ><div class=\"fusion-builder-row fusion-row\"><div class=\"fusion-layout-column fusion_builder_column fusion-builder-column-10 fusion_builder_column_1_1 1_1 fusion-one-full fusion-column-first fusion-column-last\" style=\"margin-top:0px;margin-bottom:0px;\"><div class=\"fusion-column-wrapper fusion-flex-column-wrapper-legacy\" style=\"background-position:left top;background-repeat:no-repeat;-webkit-background-size:cover;-moz-background-size:cover;-o-background-size:cover;background-size:cover;padding: 0px 0px 0px 0px;\"><div class=\"fusion-clearfix\"><\/div><\/div><\/div><\/div><\/div><\/p>\n","protected":false},"excerpt":{"rendered":"","protected":false},"author":1,"featured_media":0,"parent":0,"menu_order":0,"comment_status":"closed","ping_status":"closed","template":"100-width.php","meta":{"_bbp_topic_count":0,"_bbp_reply_count":0,"_bbp_total_topic_count":0,"_bbp_total_reply_count":0,"_bbp_voice_count":0,"_bbp_anonymous_reply_count":0,"_bbp_topic_count_hidden":0,"_bbp_reply_count_hidden":0,"_bbp_forum_subforum_count":0},"acf":[],"yoast_head":"<!-- This site is optimized with the Yoast SEO plugin v18.1 - https:\/\/yoast.com\/wordpress\/plugins\/seo\/ -->\n<title>Storno | RESIDENCE CHALET SIMONAZZI<\/title>\n<meta name=\"robots\" content=\"index, follow, max-snippet:-1, max-image-preview:large, max-video-preview:-1\" \/>\n<link rel=\"canonical\" href=\"https:\/\/www.simonazzi-chalet.eu\/20\/storno\/\" \/>\n<meta property=\"og:locale\" content=\"de_DE\" \/>\n<meta property=\"og:type\" content=\"article\" \/>\n<meta property=\"og:title\" content=\"Storno | RESIDENCE CHALET SIMONAZZI\" \/>\n<meta property=\"og:url\" content=\"https:\/\/www.simonazzi-chalet.eu\/20\/storno\/\" \/>\n<meta property=\"og:site_name\" content=\"RESIDENCE CHALET SIMONAZZI\" \/>\n<meta property=\"article:modified_time\" content=\"2025-09-11T11:32:54+00:00\" \/>\n<meta name=\"twitter:card\" content=\"summary_large_image\" \/>\n<meta name=\"twitter:label1\" content=\"Gesch\u00e4tzte Lesezeit\" \/>\n\t<meta name=\"twitter:data1\" content=\"9\u00a0Minuten\" \/>\n<script type=\"application\/ld+json\" class=\"yoast-schema-graph\">{\"@context\":\"https:\/\/schema.org\",\"@graph\":[{\"@type\":\"WebSite\",\"@id\":\"https:\/\/www.simonazzi-chalet.eu\/20\/#website\",\"url\":\"https:\/\/www.simonazzi-chalet.eu\/20\/\",\"name\":\"RESIDENCE CHALET SIMONAZZI\",\"description\":\"Residence  | Chalet | Appartements Simonazzi\",\"potentialAction\":[{\"@type\":\"SearchAction\",\"target\":{\"@type\":\"EntryPoint\",\"urlTemplate\":\"https:\/\/www.simonazzi-chalet.eu\/20\/?s={search_term_string}\"},\"query-input\":\"required name=search_term_string\"}],\"inLanguage\":\"de\"},{\"@type\":\"WebPage\",\"@id\":\"https:\/\/www.simonazzi-chalet.eu\/20\/storno\/#webpage\",\"url\":\"https:\/\/www.simonazzi-chalet.eu\/20\/storno\/\",\"name\":\"Storno | RESIDENCE CHALET SIMONAZZI\",\"isPartOf\":{\"@id\":\"https:\/\/www.simonazzi-chalet.eu\/20\/#website\"},\"datePublished\":\"2020-05-03T21:33:33+00:00\",\"dateModified\":\"2025-09-11T11:32:54+00:00\",\"breadcrumb\":{\"@id\":\"https:\/\/www.simonazzi-chalet.eu\/20\/storno\/#breadcrumb\"},\"inLanguage\":\"de\",\"potentialAction\":[{\"@type\":\"ReadAction\",\"target\":[\"https:\/\/www.simonazzi-chalet.eu\/20\/storno\/\"]}]},{\"@type\":\"BreadcrumbList\",\"@id\":\"https:\/\/www.simonazzi-chalet.eu\/20\/storno\/#breadcrumb\",\"itemListElement\":[{\"@type\":\"ListItem\",\"position\":1,\"name\":\"Startseite\",\"item\":\"https:\/\/www.simonazzi-chalet.eu\/20\/\"},{\"@type\":\"ListItem\",\"position\":2,\"name\":\"Storno\"}]}]}<\/script>\n<!-- \/ Yoast SEO plugin. -->","yoast_head_json":{"title":"Storno | RESIDENCE CHALET SIMONAZZI","robots":{"index":"index","follow":"follow","max-snippet":"max-snippet:-1","max-image-preview":"max-image-preview:large","max-video-preview":"max-video-preview:-1"},"canonical":"https:\/\/www.simonazzi-chalet.eu\/20\/storno\/","og_locale":"de_DE","og_type":"article","og_title":"Storno | RESIDENCE CHALET SIMONAZZI","og_url":"https:\/\/www.simonazzi-chalet.eu\/20\/storno\/","og_site_name":"RESIDENCE CHALET SIMONAZZI","article_modified_time":"2025-09-11T11:32:54+00:00","twitter_card":"summary_large_image","twitter_misc":{"Gesch\u00e4tzte Lesezeit":"9\u00a0Minuten"},"schema":{"@context":"https:\/\/schema.org","@graph":[{"@type":"WebSite","@id":"https:\/\/www.simonazzi-chalet.eu\/20\/#website","url":"https:\/\/www.simonazzi-chalet.eu\/20\/","name":"RESIDENCE CHALET SIMONAZZI","description":"Residence  | Chalet | Appartements Simonazzi","potentialAction":[{"@type":"SearchAction","target":{"@type":"EntryPoint","urlTemplate":"https:\/\/www.simonazzi-chalet.eu\/20\/?s={search_term_string}"},"query-input":"required name=search_term_string"}],"inLanguage":"de"},{"@type":"WebPage","@id":"https:\/\/www.simonazzi-chalet.eu\/20\/storno\/#webpage","url":"https:\/\/www.simonazzi-chalet.eu\/20\/storno\/","name":"Storno | RESIDENCE CHALET SIMONAZZI","isPartOf":{"@id":"https:\/\/www.simonazzi-chalet.eu\/20\/#website"},"datePublished":"2020-05-03T21:33:33+00:00","dateModified":"2025-09-11T11:32:54+00:00","breadcrumb":{"@id":"https:\/\/www.simonazzi-chalet.eu\/20\/storno\/#breadcrumb"},"inLanguage":"de","potentialAction":[{"@type":"ReadAction","target":["https:\/\/www.simonazzi-chalet.eu\/20\/storno\/"]}]},{"@type":"BreadcrumbList","@id":"https:\/\/www.simonazzi-chalet.eu\/20\/storno\/#breadcrumb","itemListElement":[{"@type":"ListItem","position":1,"name":"Startseite","item":"https:\/\/www.simonazzi-chalet.eu\/20\/"},{"@type":"ListItem","position":2,"name":"Storno"}]}]}},"_links":{"self":[{"href":"https:\/\/www.simonazzi-chalet.eu\/20\/wp-json\/wp\/v2\/pages\/1377"}],"collection":[{"href":"https:\/\/www.simonazzi-chalet.eu\/20\/wp-json\/wp\/v2\/pages"}],"about":[{"href":"https:\/\/www.simonazzi-chalet.eu\/20\/wp-json\/wp\/v2\/types\/page"}],"author":[{"embeddable":true,"href":"https:\/\/www.simonazzi-chalet.eu\/20\/wp-json\/wp\/v2\/users\/1"}],"replies":[{"embeddable":true,"href":"https:\/\/www.simonazzi-chalet.eu\/20\/wp-json\/wp\/v2\/comments?post=1377"}],"version-history":[{"count":12,"href":"https:\/\/www.simonazzi-chalet.eu\/20\/wp-json\/wp\/v2\/pages\/1377\/revisions"}],"predecessor-version":[{"id":3468,"href":"https:\/\/www.simonazzi-chalet.eu\/20\/wp-json\/wp\/v2\/pages\/1377\/revisions\/3468"}],"wp:attachment":[{"href":"https:\/\/www.simonazzi-chalet.eu\/20\/wp-json\/wp\/v2\/media?parent=1377"}],"curies":[{"name":"wp","href":"https:\/\/api.w.org\/{rel}","templated":true}]}}